{"id":89,"date":"2020-10-01T19:10:56","date_gmt":"2020-10-01T19:10:56","guid":{"rendered":"https:\/\/megafunsion.com\/tienda\/pagina-de-inicio\/"},"modified":"2021-01-20T05:15:29","modified_gmt":"2021-01-20T05:15:29","slug":"pagina-de-inicio","status":"publish","type":"page","link":"https:\/\/megafunsion.com\/tienda\/","title":{"rendered":"P\u00e1gina de inicio"},"content":{"rendered":"\n<div class=\"wp-block-cover alignfull has-background-gradient is-position-center-center is-style-bottom-wave\" style=\"background-image:url(https:\/\/megafunsion.com\/tienda\/wp-content\/uploads\/2020\/10\/02.jpg);background-position:45% 54%\"><div class=\"wp-block-cover__inner-container is-layout-flow wp-block-cover-is-layout-flow\">\n<p class=\"has-text-align-center has-large-font-size\">Bienvenido a la tienda<\/p>\n\n\n\n<p class=\"has-text-color has-text-align-center\">Escribe aqu\u00ed un mensaje corto de bienvenida<\/p>\n\n\n\n<div class=\"wp-block-button aligncenter is-style-3d\"><a class=\"wp-block-button__link\" href=\"https:\/\/megafunsion.com\/tienda\/tienda\/\">Ir de compras<\/a><\/div>\n<\/div><\/div>\n\n\n\n<h2 class=\"has-text-align-center wp-block-heading\">Productos de limpieza y desinfecci\u00f3n<\/h2>\n\n\n<div data-block-name=\"woocommerce\/product-new\" class=\"wc-block-grid wp-block-product-new wc-block-product-new has-3-columns has-multiple-rows\"><ul class=\"wc-block-grid__products\"><li class=\"wc-block-grid__product\">\n\t\t\t\t<a href=\"https:\/\/megafunsion.com\/tienda\/productos\/agua-electrolizada-desinfectante-1-galon\/\" class=\"wc-block-grid__product-link\">\n\t\t\t\t\t<div class=\"wc-block-grid__product-image\"><img fetchpriority=\"high\" decoding=\"async\" width=\"300\" height=\"300\" src=\"https:\/\/megafunsion.com\/tienda\/wp-content\/uploads\/2020\/10\/prod-3-300x300.jpg\" class=\"attachment-woocommerce_thumbnail size-woocommerce_thumbnail\" alt=\"agua electrolizada galon\" srcset=\"https:\/\/megafunsion.com\/tienda\/wp-content\/uploads\/2020\/10\/prod-3-300x300.jpg 300w, https:\/\/megafunsion.com\/tienda\/wp-content\/uploads\/2020\/10\/prod-3-150x150.jpg 150w, https:\/\/megafunsion.com\/tienda\/wp-content\/uploads\/2020\/10\/prod-3-100x100.jpg 100w, https:\/\/megafunsion.com\/tienda\/wp-content\/uploads\/2020\/10\/prod-3.jpg 370w\" sizes=\"(max-width: 300px) 100vw, 300px\"><\/div>\n\t\t\t\t\t<div class=\"wc-block-grid__product-title\">Agua Electrolizada &#8211; Desinfectante 1 Gal\u00f3n<\/div>\n\t\t\t\t<\/a>\n\t\t\t\t\n\t\t\t\t<div class=\"wc-block-grid__product-price price\"><span class=\"woocommerce-Price-amount amount\"><span class=\"woocommerce-Price-currencySymbol\">$<\/span>44,900<\/span><\/div>\n\t\t\t\t\n\t\t\t\t<div class=\"wp-block-button wc-block-grid__product-add-to-cart\"><a href=\"?add-to-cart=86\" aria-label=\"A\u00f1ade \u201cAgua Electrolizada - Desinfectante 1 Gal\u00f3n\u201d a tu carrito\" data-quantity=\"1\" data-product_id=\"86\" data-product_sku=\"\" rel=\"nofollow\" class=\"wp-block-button__link wp-element-button add_to_cart_button ajax_add_to_cart\">A\u00f1adir al carrito<\/a><\/div><div class=\"tinv-wraper woocommerce tinv-wishlist tinvwl-after-add-to-cart tinvwl-loop-button-wrapper tinvwl-woocommerce_blocks_product_grid_item_html\" data-tinvwl_product_id=\"86\">\r\n\t<div class=\"tinv-wishlist-clear\"><\/div><a role=\"button\" tabindex=\"0\" name=\"add-to-wishlist\" aria-label=\"Add to Wishlist\" class=\"tinvwl_add_to_wishlist_button tinvwl-icon-heart  tinvwl-position-after tinvwl-loop\" data-tinv-wl-list=\"[]\" data-tinv-wl-product=\"86\" data-tinv-wl-productvariation=\"0\" data-tinv-wl-productvariations=\"[]\" data-tinv-wl-producttype=\"simple\" data-tinv-wl-action=\"add\"><span class=\"tinvwl_add_to_wishlist-text\">Add to Wishlist<\/span><\/a><div class=\"tinv-wishlist-clear\"><\/div>\t\t<div class=\"tinvwl-tooltip\">Add to Wishlist<\/div>\r\n<\/div>\n\t\t\t<\/li><li class=\"wc-block-grid__product\">\n\t\t\t\t<a href=\"https:\/\/megafunsion.com\/tienda\/productos\/agua-electrolizada-desinfectante-1-litro\/\" class=\"wc-block-grid__product-link\">\n\t\t\t\t\t<div class=\"wc-block-grid__product-image\"><img decoding=\"async\" width=\"300\" height=\"300\" src=\"https:\/\/megafunsion.com\/tienda\/wp-content\/uploads\/2020\/10\/prod-1-300x300.jpg\" class=\"attachment-woocommerce_thumbnail size-woocommerce_thumbnail\" alt=\"agua electrolizada\" srcset=\"https:\/\/megafunsion.com\/tienda\/wp-content\/uploads\/2020\/10\/prod-1-300x300.jpg 300w, https:\/\/megafunsion.com\/tienda\/wp-content\/uploads\/2020\/10\/prod-1-150x150.jpg 150w, https:\/\/megafunsion.com\/tienda\/wp-content\/uploads\/2020\/10\/prod-1-100x100.jpg 100w, https:\/\/megafunsion.com\/tienda\/wp-content\/uploads\/2020\/10\/prod-1.jpg 370w\" sizes=\"(max-width: 300px) 100vw, 300px\"><\/div>\n\t\t\t\t\t<div class=\"wc-block-grid__product-title\">Agua Electrolizada &#8211; Desinfectante 1 litro<\/div>\n\t\t\t\t<\/a>\n\t\t\t\t\n\t\t\t\t<div class=\"wc-block-grid__product-price price\"><span class=\"woocommerce-Price-amount amount\"><span class=\"woocommerce-Price-currencySymbol\">$<\/span>28,900<\/span><\/div>\n\t\t\t\t\n\t\t\t\t<div class=\"wp-block-button wc-block-grid__product-add-to-cart\"><a href=\"?add-to-cart=84\" aria-label=\"A\u00f1ade \u201cAgua Electrolizada - Desinfectante 1 litro\u201d a tu carrito\" data-quantity=\"1\" data-product_id=\"84\" data-product_sku=\"\" rel=\"nofollow\" class=\"wp-block-button__link wp-element-button add_to_cart_button ajax_add_to_cart\">A\u00f1adir al carrito<\/a><\/div><div class=\"tinv-wraper woocommerce tinv-wishlist tinvwl-after-add-to-cart tinvwl-loop-button-wrapper tinvwl-woocommerce_blocks_product_grid_item_html\" data-tinvwl_product_id=\"84\">\r\n\t<div class=\"tinv-wishlist-clear\"><\/div><a role=\"button\" tabindex=\"0\" name=\"add-to-wishlist\" aria-label=\"Add to Wishlist\" class=\"tinvwl_add_to_wishlist_button tinvwl-icon-heart  tinvwl-position-after tinvwl-loop\" data-tinv-wl-list=\"[]\" data-tinv-wl-product=\"84\" data-tinv-wl-productvariation=\"0\" data-tinv-wl-productvariations=\"[]\" data-tinv-wl-producttype=\"simple\" data-tinv-wl-action=\"add\"><span class=\"tinvwl_add_to_wishlist-text\">Add to Wishlist<\/span><\/a><div class=\"tinv-wishlist-clear\"><\/div>\t\t<div class=\"tinvwl-tooltip\">Add to Wishlist<\/div>\r\n<\/div>\n\t\t\t<\/li><li class=\"wc-block-grid__product\">\n\t\t\t\t<a href=\"https:\/\/megafunsion.com\/tienda\/productos\/agua-electrolizada-desinfectante\/\" class=\"wc-block-grid__product-link\">\n\t\t\t\t\t<div class=\"wc-block-grid__product-image\"><img decoding=\"async\" width=\"300\" height=\"300\" src=\"https:\/\/megafunsion.com\/tienda\/wp-content\/uploads\/2020\/10\/prod-2-300x300.jpg\" class=\"attachment-woocommerce_thumbnail size-woocommerce_thumbnail\" alt=\"agua electrolizada\" srcset=\"https:\/\/megafunsion.com\/tienda\/wp-content\/uploads\/2020\/10\/prod-2-300x300.jpg 300w, https:\/\/megafunsion.com\/tienda\/wp-content\/uploads\/2020\/10\/prod-2-150x150.jpg 150w, https:\/\/megafunsion.com\/tienda\/wp-content\/uploads\/2020\/10\/prod-2-100x100.jpg 100w, https:\/\/megafunsion.com\/tienda\/wp-content\/uploads\/2020\/10\/prod-2.jpg 370w\" sizes=\"(max-width: 300px) 100vw, 300px\"><\/div>\n\t\t\t\t\t<div class=\"wc-block-grid__product-title\">Agua Electrolizada &#8211; Desinfectante 500 Mlt<\/div>\n\t\t\t\t<\/a>\n\t\t\t\t\n\t\t\t\t<div class=\"wc-block-grid__product-price price\"><span class=\"woocommerce-Price-amount amount\"><span class=\"woocommerce-Price-currencySymbol\">$<\/span>18,900<\/span><\/div>\n\t\t\t\t\n\t\t\t\t<div class=\"wp-block-button wc-block-grid__product-add-to-cart\"><a href=\"?add-to-cart=49\" aria-label=\"A\u00f1ade \u201cAgua Electrolizada - Desinfectante 500 Mlt\u201d a tu carrito\" data-quantity=\"1\" data-product_id=\"49\" data-product_sku=\"\" rel=\"nofollow\" class=\"wp-block-button__link wp-element-button add_to_cart_button ajax_add_to_cart\">A\u00f1adir al carrito<\/a><\/div><div class=\"tinv-wraper woocommerce tinv-wishlist tinvwl-after-add-to-cart tinvwl-loop-button-wrapper tinvwl-woocommerce_blocks_product_grid_item_html\" data-tinvwl_product_id=\"49\">\r\n\t<div class=\"tinv-wishlist-clear\"><\/div><a role=\"button\" tabindex=\"0\" name=\"add-to-wishlist\" aria-label=\"Add to Wishlist\" class=\"tinvwl_add_to_wishlist_button tinvwl-icon-heart  tinvwl-position-after tinvwl-loop\" data-tinv-wl-list=\"[]\" data-tinv-wl-product=\"49\" data-tinv-wl-productvariation=\"0\" data-tinv-wl-productvariations=\"[]\" data-tinv-wl-producttype=\"simple\" data-tinv-wl-action=\"add\"><span class=\"tinvwl_add_to_wishlist-text\">Add to Wishlist<\/span><\/a><div class=\"tinv-wishlist-clear\"><\/div>\t\t<div class=\"tinvwl-tooltip\">Add to Wishlist<\/div>\r\n<\/div>\n\t\t\t<\/li><\/ul><\/div>\n\n\n<div class=\"wp-block-media-text alignwide has-media-on-the-right\"><figure class=\"wp-block-media-text__media\"><img loading=\"lazy\" decoding=\"async\" width=\"800\" height=\"785\" src=\"https:\/\/megafunsion.com\/tienda\/wp-content\/uploads\/2020\/10\/prod.jpg\" alt=\"\" class=\"wp-image-66\" srcset=\"https:\/\/megafunsion.com\/tienda\/wp-content\/uploads\/2020\/10\/prod.jpg 800w, https:\/\/megafunsion.com\/tienda\/wp-content\/uploads\/2020\/10\/prod-300x294.jpg 300w, https:\/\/megafunsion.com\/tienda\/wp-content\/uploads\/2020\/10\/prod-768x754.jpg 768w, https:\/\/megafunsion.com\/tienda\/wp-content\/uploads\/2020\/10\/prod-600x589.jpg 600w\" sizes=\"(max-width: 800px) 100vw, 800px\" \/><\/figure><div class=\"wp-block-media-text__content\">\n<h3 class=\"wp-block-heading\">AGUA ELECTROLIZADA PARA DESINFECTAR LOS ALIMENTOS<\/h3>\n\n\n\n<p>La sanitizaci\u00f3n y desinfecci\u00f3n en la industria de la producci\u00f3n de alimentos se considera como la manera m\u00e1s exitosa de preservar la inocuidad, debido a que el 30% de los casos de enfermedades causadas por alimentos se debe a una pobre sanitizaci\u00f3n y desinfecci\u00f3n en donde se produce el alimento.<\/p>\n<\/div><\/div>\n\n\n\n<div class=\"wp-block-media-text alignwide has-media-on-the-right\"><figure class=\"wp-block-media-text__media\"><img loading=\"lazy\" decoding=\"async\" width=\"800\" height=\"533\" src=\"https:\/\/megafunsion.com\/tienda\/wp-content\/uploads\/2020\/10\/traje.jpg\" alt=\"\" class=\"wp-image-71\" srcset=\"https:\/\/megafunsion.com\/tienda\/wp-content\/uploads\/2020\/10\/traje.jpg 800w, https:\/\/megafunsion.com\/tienda\/wp-content\/uploads\/2020\/10\/traje-300x200.jpg 300w, https:\/\/megafunsion.com\/tienda\/wp-content\/uploads\/2020\/10\/traje-768x512.jpg 768w, https:\/\/megafunsion.com\/tienda\/wp-content\/uploads\/2020\/10\/traje-600x400.jpg 600w\" sizes=\"(max-width: 800px) 100vw, 800px\" \/><\/figure><div class=\"wp-block-media-text__content\">\n<h3 class=\"wp-block-heading\">AGUA ELECTROLIZADA AMIGABLE CON EL MEDIO AMBIENTE<\/h3>\n\n\n\n<p>No es t\u00f3xico, no es cancer\u00edgeno, no tiene efectos secundarios, no requiere prescripci\u00f3n m\u00e9dica, puede tener contacto directo con la piel y las vias respiratorias, no genera dolor de cabeza, ni cambio de presi\u00f3n arterial, no genera quemaduras, amigable con mascotas.<\/p>\n<\/div><\/div>\n\n\n","protected":false},"excerpt":{"rendered":"<p>Productos de limpieza y desinfecci\u00f3n AGUA ELECTROLIZADA PARA DESINFECTAR LOS ALIMENTOS La sanitizaci\u00f3n y desinfecci\u00f3n en la industria de la&#8230;<\/p>\n","protected":false},"author":1,"featured_media":0,"parent":0,"menu_order":0,"comment_status":"closed","ping_status":"closed","template":"","meta":{"_coblocks_attr":"","_coblocks_dimensions":"","_coblocks_responsive_height":"","_coblocks_accordion_ie_support":"","footnotes":""},"class_list":["post-89","page","type-page","status-publish","hentry"],"yoast_head":"<!-- This site is optimized with the Yoast SEO plugin v23.4 - https:\/\/yoast.com\/wordpress\/plugins\/seo\/ -->\n<title>Tienda online de productos de limpieza y desinfecci\u00f3n en Bogot\u00e1<\/title>\n<meta name=\"description\" content=\"Compra tu desinfectante amigable para el medio ambiente, te asesoramos y brindamos servicios de aseo y desinfecci\u00f3n\" \/>\n<meta name=\"robots\" content=\"index, follow, max-snippet:-1, max-image-preview:large, max-video-preview:-1\" \/>\n<link rel=\"canonical\" href=\"https:\/\/megafunsion.com\/tienda\/\" \/>\n<meta property=\"og:locale\" content=\"es_ES\" \/>\n<meta property=\"og:type\" content=\"article\" \/>\n<meta property=\"og:title\" content=\"Tienda online de productos de limpieza y desinfecci\u00f3n en Bogot\u00e1\" \/>\n<meta property=\"og:description\" content=\"Compra tu desinfectante amigable para el medio ambiente, te asesoramos y brindamos servicios de aseo y desinfecci\u00f3n\" \/>\n<meta property=\"og:url\" content=\"https:\/\/megafunsion.com\/tienda\/\" \/>\n<meta property=\"og:site_name\" content=\"Megafunsion - productos aseo\" \/>\n<meta property=\"article:modified_time\" content=\"2021-01-20T05:15:29+00:00\" \/>\n<meta property=\"og:image\" content=\"https:\/\/megafunsion.com\/tienda\/wp-content\/uploads\/2020\/10\/prod.jpg\" \/>\n<meta name=\"twitter:card\" content=\"summary_large_image\" \/>\n<meta name=\"twitter:label1\" content=\"Tiempo de lectura\" \/>\n\t<meta name=\"twitter:data1\" content=\"1 minuto\" \/>\n<script type=\"application\/ld+json\" class=\"yoast-schema-graph\">{\"@context\":\"https:\/\/schema.org\",\"@graph\":[{\"@type\":\"WebPage\",\"@id\":\"https:\/\/megafunsion.com\/tienda\/\",\"url\":\"https:\/\/megafunsion.com\/tienda\/\",\"name\":\"Tienda online de productos de limpieza y desinfecci\u00f3n en Bogot\u00e1\",\"isPartOf\":{\"@id\":\"https:\/\/megafunsion.com\/tienda\/#website\"},\"primaryImageOfPage\":{\"@id\":\"https:\/\/megafunsion.com\/tienda\/#primaryimage\"},\"image\":{\"@id\":\"https:\/\/megafunsion.com\/tienda\/#primaryimage\"},\"thumbnailUrl\":\"https:\/\/megafunsion.com\/tienda\/wp-content\/uploads\/2020\/10\/prod.jpg\",\"datePublished\":\"2020-10-01T19:10:56+00:00\",\"dateModified\":\"2021-01-20T05:15:29+00:00\",\"description\":\"Compra tu desinfectante amigable para el medio ambiente, te asesoramos y brindamos servicios de aseo y desinfecci\u00f3n\",\"breadcrumb\":{\"@id\":\"https:\/\/megafunsion.com\/tienda\/#breadcrumb\"},\"inLanguage\":\"es\",\"potentialAction\":[{\"@type\":\"ReadAction\",\"target\":[\"https:\/\/megafunsion.com\/tienda\/\"]}]},{\"@type\":\"ImageObject\",\"inLanguage\":\"es\",\"@id\":\"https:\/\/megafunsion.com\/tienda\/#primaryimage\",\"url\":\"https:\/\/megafunsion.com\/tienda\/wp-content\/uploads\/2020\/10\/prod.jpg\",\"contentUrl\":\"https:\/\/megafunsion.com\/tienda\/wp-content\/uploads\/2020\/10\/prod.jpg\",\"width\":800,\"height\":785},{\"@type\":\"BreadcrumbList\",\"@id\":\"https:\/\/megafunsion.com\/tienda\/#breadcrumb\",\"itemListElement\":[{\"@type\":\"ListItem\",\"position\":1,\"name\":\"Portada\",\"item\":\"https:\/\/megafunsion.com\/tienda\/\"},{\"@type\":\"ListItem\",\"position\":2,\"name\":\"P\u00e1gina de inicio\"}]},{\"@type\":\"WebSite\",\"@id\":\"https:\/\/megafunsion.com\/tienda\/#website\",\"url\":\"https:\/\/megafunsion.com\/tienda\/\",\"name\":\"Megafunsion - productos aseo\",\"description\":\"Poderosos desinfectantes y productos de aseo\",\"publisher\":{\"@id\":\"https:\/\/megafunsion.com\/tienda\/#organization\"},\"potentialAction\":[{\"@type\":\"SearchAction\",\"target\":{\"@type\":\"EntryPoint\",\"urlTemplate\":\"https:\/\/megafunsion.com\/tienda\/?s={search_term_string}\"},\"query-input\":{\"@type\":\"PropertyValueSpecification\",\"valueRequired\":true,\"valueName\":\"search_term_string\"}}],\"inLanguage\":\"es\"},{\"@type\":\"Organization\",\"@id\":\"https:\/\/megafunsion.com\/tienda\/#organization\",\"name\":\"Megafunsion - productos aseo\",\"url\":\"https:\/\/megafunsion.com\/tienda\/\",\"logo\":{\"@type\":\"ImageObject\",\"inLanguage\":\"es\",\"@id\":\"https:\/\/megafunsion.com\/tienda\/#\/schema\/logo\/image\/\",\"url\":\"https:\/\/megafunsion.com\/tienda\/wp-content\/uploads\/2020\/10\/cropped-logo.png\",\"contentUrl\":\"https:\/\/megafunsion.com\/tienda\/wp-content\/uploads\/2020\/10\/cropped-logo.png\",\"width\":317,\"height\":100,\"caption\":\"Megafunsion - productos aseo\"},\"image\":{\"@id\":\"https:\/\/megafunsion.com\/tienda\/#\/schema\/logo\/image\/\"}}]}<\/script>\n<!-- \/ Yoast SEO plugin. -->","yoast_head_json":{"title":"Tienda online de productos de limpieza y desinfecci\u00f3n en Bogot\u00e1","description":"Compra tu desinfectante amigable para el medio ambiente, te asesoramos y brindamos servicios de aseo y desinfecci\u00f3n","robots":{"index":"index","follow":"follow","max-snippet":"max-snippet:-1","max-image-preview":"max-image-preview:large","max-video-preview":"max-video-preview:-1"},"canonical":"https:\/\/megafunsion.com\/tienda\/","og_locale":"es_ES","og_type":"article","og_title":"Tienda online de productos de limpieza y desinfecci\u00f3n en Bogot\u00e1","og_description":"Compra tu desinfectante amigable para el medio ambiente, te asesoramos y brindamos servicios de aseo y desinfecci\u00f3n","og_url":"https:\/\/megafunsion.com\/tienda\/","og_site_name":"Megafunsion - productos aseo","article_modified_time":"2021-01-20T05:15:29+00:00","og_image":[{"url":"https:\/\/megafunsion.com\/tienda\/wp-content\/uploads\/2020\/10\/prod.jpg"}],"twitter_card":"summary_large_image","twitter_misc":{"Tiempo de lectura":"1 minuto"},"schema":{"@context":"https:\/\/schema.org","@graph":[{"@type":"WebPage","@id":"https:\/\/megafunsion.com\/tienda\/","url":"https:\/\/megafunsion.com\/tienda\/","name":"Tienda online de productos de limpieza y desinfecci\u00f3n en Bogot\u00e1","isPartOf":{"@id":"https:\/\/megafunsion.com\/tienda\/#website"},"primaryImageOfPage":{"@id":"https:\/\/megafunsion.com\/tienda\/#primaryimage"},"image":{"@id":"https:\/\/megafunsion.com\/tienda\/#primaryimage"},"thumbnailUrl":"https:\/\/megafunsion.com\/tienda\/wp-content\/uploads\/2020\/10\/prod.jpg","datePublished":"2020-10-01T19:10:56+00:00","dateModified":"2021-01-20T05:15:29+00:00","description":"Compra tu desinfectante amigable para el medio ambiente, te asesoramos y brindamos servicios de aseo y desinfecci\u00f3n","breadcrumb":{"@id":"https:\/\/megafunsion.com\/tienda\/#breadcrumb"},"inLanguage":"es","potentialAction":[{"@type":"ReadAction","target":["https:\/\/megafunsion.com\/tienda\/"]}]},{"@type":"ImageObject","inLanguage":"es","@id":"https:\/\/megafunsion.com\/tienda\/#primaryimage","url":"https:\/\/megafunsion.com\/tienda\/wp-content\/uploads\/2020\/10\/prod.jpg","contentUrl":"https:\/\/megafunsion.com\/tienda\/wp-content\/uploads\/2020\/10\/prod.jpg","width":800,"height":785},{"@type":"BreadcrumbList","@id":"https:\/\/megafunsion.com\/tienda\/#breadcrumb","itemListElement":[{"@type":"ListItem","position":1,"name":"Portada","item":"https:\/\/megafunsion.com\/tienda\/"},{"@type":"ListItem","position":2,"name":"P\u00e1gina de inicio"}]},{"@type":"WebSite","@id":"https:\/\/megafunsion.com\/tienda\/#website","url":"https:\/\/megafunsion.com\/tienda\/","name":"Megafunsion - productos aseo","description":"Poderosos desinfectantes y productos de aseo","publisher":{"@id":"https:\/\/megafunsion.com\/tienda\/#organization"},"potentialAction":[{"@type":"SearchAction","target":{"@type":"EntryPoint","urlTemplate":"https:\/\/megafunsion.com\/tienda\/?s={search_term_string}"},"query-input":{"@type":"PropertyValueSpecification","valueRequired":true,"valueName":"search_term_string"}}],"inLanguage":"es"},{"@type":"Organization","@id":"https:\/\/megafunsion.com\/tienda\/#organization","name":"Megafunsion - productos aseo","url":"https:\/\/megafunsion.com\/tienda\/","logo":{"@type":"ImageObject","inLanguage":"es","@id":"https:\/\/megafunsion.com\/tienda\/#\/schema\/logo\/image\/","url":"https:\/\/megafunsion.com\/tienda\/wp-content\/uploads\/2020\/10\/cropped-logo.png","contentUrl":"https:\/\/megafunsion.com\/tienda\/wp-content\/uploads\/2020\/10\/cropped-logo.png","width":317,"height":100,"caption":"Megafunsion - productos aseo"},"image":{"@id":"https:\/\/megafunsion.com\/tienda\/#\/schema\/logo\/image\/"}}]}},"post-meta":{"_edit_lock":["1611119732:1"],"_edit_last":["1"],"site-container":["default"],"site-header-transparent":["default"],"site-page-header":["default"],"site-sidebar":["default"],"_last_editor_used_jetpack":["block-editor"],"_yoast_wpseo_title":["Tienda online de productos de limpieza y desinfecci\u00f3n en Bogot\u00e1"],"_yoast_wpseo_metadesc":["Compra tu desinfectante amigable para el medio ambiente, te asesoramos y brindamos servicios de aseo y desinfecci\u00f3n"],"_yoast_wpseo_content_score":["90"],"_yoast_wpseo_estimated-reading-time-minutes":[""]},"_links":{"self":[{"href":"https:\/\/megafunsion.com\/tienda\/wp-json\/wp\/v2\/pages\/89"}],"collection":[{"href":"https:\/\/megafunsion.com\/tienda\/wp-json\/wp\/v2\/pages"}],"about":[{"href":"https:\/\/megafunsion.com\/tienda\/wp-json\/wp\/v2\/types\/page"}],"author":[{"embeddable":true,"href":"https:\/\/megafunsion.com\/tienda\/wp-json\/wp\/v2\/users\/1"}],"replies":[{"embeddable":true,"href":"https:\/\/megafunsion.com\/tienda\/wp-json\/wp\/v2\/comments?post=89"}],"version-history":[{"count":5,"href":"https:\/\/megafunsion.com\/tienda\/wp-json\/wp\/v2\/pages\/89\/revisions"}],"predecessor-version":[{"id":246,"href":"https:\/\/megafunsion.com\/tienda\/wp-json\/wp\/v2\/pages\/89\/revisions\/246"}],"wp:attachment":[{"href":"https:\/\/megafunsion.com\/tienda\/wp-json\/wp\/v2\/media?parent=89"}],"curies":[{"name":"wp","href":"https:\/\/api.w.org\/{rel}","templated":true}]}}