{"id":49,"date":"2020-10-01T18:23:12","date_gmt":"2020-10-01T18:23:12","guid":{"rendered":"https:\/\/megafunsion.com\/tienda\/?post_type=product&#038;p=49"},"modified":"2024-07-01T20:25:44","modified_gmt":"2024-07-01T20:25:44","slug":"agua-electrolizada-desinfectante","status":"publish","type":"product","link":"https:\/\/megafunsion.com\/tienda\/productos\/agua-electrolizada-desinfectante\/","title":{"rendered":"Agua Electrolizada &#8211; Desinfectante 500 Mlt"},"content":{"rendered":"<h1 class=\"section_title padding-15\">AGUA ELECTROLIZADA PARA USO EN DESINFECCI\u00d3N Y LIMPIEZA<\/h1>\n<div class=\"row\">\n<div class=\"col-md-12 col-sm-12 col-xs-12\">\n<div class=\"section_title_area text-center padding-bottom-50\">\n<p><span class=\"sub_title color-dark\"><span class=\"sub_title color-dark\">El \u00e1cido hipocloroso tambien conocido como agua electrolizada es una sustancia altamente activa contra la mayor\u00eda de pat\u00f3genos (bacterias, virus y hongos, incluyendo esporas), que por su amplio espectro y r\u00e1pida acci\u00f3n puede controlar y prevenir un gran n\u00famero de infecciones en la piel.<\/span><\/span><\/p>\n<p>&nbsp;<\/p>\n<div class=\"choose_resons padding-bottom-30\">\n<div class=\"choose_text\">\n<h6>PROTEGE EL MEDIO AMBIENTE<\/h6>\n<p>Gracias a la formula innovadora es un producto amigable con el medio ambiente y al mismo tiempo un poderoso desinfectante.<\/p>\n<\/div>\n<\/div>\n<div class=\"choose_resons padding-bottom-30\">\n<p>&nbsp;<\/p>\n<div class=\"choose_text\">\n<h6>CUIDA LA SALUD DE TUS SERES QUERIDOS<\/h6>\n<p>Para ni\u00f1os, bebes o incluso mascotas el desinfectante de agua electrolizada no es t\u00f3xico ni tienen ning\u00fan efecto al contacto con la piel.<\/p>\n<\/div>\n<\/div>\n<div class=\"choose_resons padding-bottom-30\">\n<p>&nbsp;<\/p>\n<div class=\"choose_text\">\n<h6>USO F\u00c1CIL: DIRECTAMENTE SIN DISOLVER<\/h6>\n<p>Eficacia superior de limpieza y sanitizaci\u00f3n del agua electrolizada con f\u00e1cil aplicaci\u00f3n en spray listo para usar.<\/p>\n<\/div>\n<\/div>\n<div class=\"choose_resons\">\n<p>&nbsp;<\/p>\n<div class=\"choose_text\">\n<h6>FRUTAS Y VERDURAS<\/h6>\n<p>El agua electrolizada se puede aplicar sobre frutas y verduras. Adem\u00e1s, prolonga su vida y frescura.<\/p>\n<\/div>\n<\/div>\n<\/div>\n<\/div>\n<\/div>\n<div class=\"row flex-box\">\n<div class=\"col-md-8\">\n<div class=\"choose_us_left flat-white\">\n<div class=\"choose_resons padding-bottom-30\">\n<p>&nbsp;<\/p>\n<div class=\"choose_text\"><\/div>\n<\/div>\n<\/div>\n<\/div>\n<\/div>\n","protected":false},"excerpt":{"rendered":"<p>PODEROSO EFECTO DESINFECTANTE CONTRA BACTERIAS, VIRUS Y HONGOS.<\/p>\n<p>&nbsp;<\/p>\n<p>La sanitizaci\u00f3n y desinfecci\u00f3n en la industria de la producci\u00f3n de alimentos se considera como la manera m\u00e1s exitosa de preservar la inocuidad, debido a que el 30% de los casos de enfermedades causadas por alimentos se debe a una pobre sanitizaci\u00f3n y desinfecci\u00f3n en donde se produce el alimento.<\/p>\n","protected":false},"featured_media":69,"comment_status":"open","ping_status":"closed","template":"","meta":{"_coblocks_attr":"","_coblocks_dimensions":"","_coblocks_responsive_height":"","_coblocks_accordion_ie_support":""},"product_cat":[51],"product_tag":[3],"class_list":["post-49","product","type-product","status-publish","has-post-thumbnail","hentry","product_cat-sin-categorizar","product_tag-agua-electrolizada"],"yoast_head":"<!-- This site is optimized with the Yoast SEO plugin v23.4 - https:\/\/yoast.com\/wordpress\/plugins\/seo\/ -->\n<title>Agua electrolizada y desinfectante, amigable con tu piel, frutas y verduras<\/title>\n<meta name=\"description\" content=\"Desinfectante agua electrolizada en Bogot\u00e1, presentaci\u00f3n de 500 ml, port\u00e1til para uso constante y eliminaci\u00f3n de virus y bacterias\" \/>\n<meta name=\"robots\" content=\"index, follow, max-snippet:-1, max-image-preview:large, max-video-preview:-1\" \/>\n<link rel=\"canonical\" href=\"https:\/\/megafunsion.com\/tienda\/productos\/agua-electrolizada-desinfectante\/\" \/>\n<meta property=\"og:locale\" content=\"es_ES\" \/>\n<meta property=\"og:type\" content=\"article\" \/>\n<meta property=\"og:title\" content=\"Agua electrolizada y desinfectante, amigable con tu piel, frutas y verduras\" \/>\n<meta property=\"og:description\" content=\"Desinfectante agua electrolizada en Bogot\u00e1, presentaci\u00f3n de 500 ml, port\u00e1til para uso constante y eliminaci\u00f3n de virus y bacterias\" \/>\n<meta property=\"og:url\" content=\"https:\/\/megafunsion.com\/tienda\/productos\/agua-electrolizada-desinfectante\/\" \/>\n<meta property=\"og:site_name\" content=\"Megafunsion - productos aseo\" \/>\n<meta property=\"article:modified_time\" content=\"2024-07-01T20:25:44+00:00\" \/>\n<meta property=\"og:image\" content=\"https:\/\/megafunsion.com\/tienda\/wp-content\/uploads\/2020\/10\/prod-2.jpg\" \/>\n\t<meta property=\"og:image:width\" content=\"370\" \/>\n\t<meta property=\"og:image:height\" content=\"370\" \/>\n\t<meta property=\"og:image:type\" content=\"image\/jpeg\" \/>\n<meta name=\"twitter:card\" content=\"summary_large_image\" \/>\n<meta name=\"twitter:label1\" content=\"Tiempo de lectura\" \/>\n\t<meta name=\"twitter:data1\" content=\"1 minuto\" \/>\n<script type=\"application\/ld+json\" class=\"yoast-schema-graph\">{\"@context\":\"https:\/\/schema.org\",\"@graph\":[{\"@type\":\"WebPage\",\"@id\":\"https:\/\/megafunsion.com\/tienda\/productos\/agua-electrolizada-desinfectante\/\",\"url\":\"https:\/\/megafunsion.com\/tienda\/productos\/agua-electrolizada-desinfectante\/\",\"name\":\"Agua electrolizada y desinfectante, amigable con tu piel, frutas y verduras\",\"isPartOf\":{\"@id\":\"https:\/\/megafunsion.com\/tienda\/#website\"},\"primaryImageOfPage\":{\"@id\":\"https:\/\/megafunsion.com\/tienda\/productos\/agua-electrolizada-desinfectante\/#primaryimage\"},\"image\":{\"@id\":\"https:\/\/megafunsion.com\/tienda\/productos\/agua-electrolizada-desinfectante\/#primaryimage\"},\"thumbnailUrl\":\"https:\/\/megafunsion.com\/tienda\/wp-content\/uploads\/2020\/10\/prod-2.jpg\",\"datePublished\":\"2020-10-01T18:23:12+00:00\",\"dateModified\":\"2024-07-01T20:25:44+00:00\",\"description\":\"Desinfectante agua electrolizada en Bogot\u00e1, presentaci\u00f3n de 500 ml, port\u00e1til para uso constante y eliminaci\u00f3n de virus y bacterias\",\"breadcrumb\":{\"@id\":\"https:\/\/megafunsion.com\/tienda\/productos\/agua-electrolizada-desinfectante\/#breadcrumb\"},\"inLanguage\":\"es\",\"potentialAction\":[{\"@type\":\"ReadAction\",\"target\":[\"https:\/\/megafunsion.com\/tienda\/productos\/agua-electrolizada-desinfectante\/\"]}]},{\"@type\":\"ImageObject\",\"inLanguage\":\"es\",\"@id\":\"https:\/\/megafunsion.com\/tienda\/productos\/agua-electrolizada-desinfectante\/#primaryimage\",\"url\":\"https:\/\/megafunsion.com\/tienda\/wp-content\/uploads\/2020\/10\/prod-2.jpg\",\"contentUrl\":\"https:\/\/megafunsion.com\/tienda\/wp-content\/uploads\/2020\/10\/prod-2.jpg\",\"width\":370,\"height\":370,\"caption\":\"agua electrolizada\"},{\"@type\":\"BreadcrumbList\",\"@id\":\"https:\/\/megafunsion.com\/tienda\/productos\/agua-electrolizada-desinfectante\/#breadcrumb\",\"itemListElement\":[{\"@type\":\"ListItem\",\"position\":1,\"name\":\"Portada\",\"item\":\"https:\/\/megafunsion.com\/tienda\/\"},{\"@type\":\"ListItem\",\"position\":2,\"name\":\"Tienda\",\"item\":\"https:\/\/megafunsion.com\/tienda\/tienda\/\"},{\"@type\":\"ListItem\",\"position\":3,\"name\":\"Agua Electrolizada &#8211; Desinfectante 500 Mlt\"}]},{\"@type\":\"WebSite\",\"@id\":\"https:\/\/megafunsion.com\/tienda\/#website\",\"url\":\"https:\/\/megafunsion.com\/tienda\/\",\"name\":\"Megafunsion - productos aseo\",\"description\":\"Poderosos desinfectantes y productos de aseo\",\"publisher\":{\"@id\":\"https:\/\/megafunsion.com\/tienda\/#organization\"},\"potentialAction\":[{\"@type\":\"SearchAction\",\"target\":{\"@type\":\"EntryPoint\",\"urlTemplate\":\"https:\/\/megafunsion.com\/tienda\/?s={search_term_string}\"},\"query-input\":{\"@type\":\"PropertyValueSpecification\",\"valueRequired\":true,\"valueName\":\"search_term_string\"}}],\"inLanguage\":\"es\"},{\"@type\":\"Organization\",\"@id\":\"https:\/\/megafunsion.com\/tienda\/#organization\",\"name\":\"Megafunsion - productos aseo\",\"url\":\"https:\/\/megafunsion.com\/tienda\/\",\"logo\":{\"@type\":\"ImageObject\",\"inLanguage\":\"es\",\"@id\":\"https:\/\/megafunsion.com\/tienda\/#\/schema\/logo\/image\/\",\"url\":\"https:\/\/megafunsion.com\/tienda\/wp-content\/uploads\/2020\/10\/cropped-logo.png\",\"contentUrl\":\"https:\/\/megafunsion.com\/tienda\/wp-content\/uploads\/2020\/10\/cropped-logo.png\",\"width\":317,\"height\":100,\"caption\":\"Megafunsion - productos aseo\"},\"image\":{\"@id\":\"https:\/\/megafunsion.com\/tienda\/#\/schema\/logo\/image\/\"}}]}<\/script>\n<!-- \/ Yoast SEO plugin. -->","yoast_head_json":{"title":"Agua electrolizada y desinfectante, amigable con tu piel, frutas y verduras","description":"Desinfectante agua electrolizada en Bogot\u00e1, presentaci\u00f3n de 500 ml, port\u00e1til para uso constante y eliminaci\u00f3n de virus y bacterias","robots":{"index":"index","follow":"follow","max-snippet":"max-snippet:-1","max-image-preview":"max-image-preview:large","max-video-preview":"max-video-preview:-1"},"canonical":"https:\/\/megafunsion.com\/tienda\/productos\/agua-electrolizada-desinfectante\/","og_locale":"es_ES","og_type":"article","og_title":"Agua electrolizada y desinfectante, amigable con tu piel, frutas y verduras","og_description":"Desinfectante agua electrolizada en Bogot\u00e1, presentaci\u00f3n de 500 ml, port\u00e1til para uso constante y eliminaci\u00f3n de virus y bacterias","og_url":"https:\/\/megafunsion.com\/tienda\/productos\/agua-electrolizada-desinfectante\/","og_site_name":"Megafunsion - productos aseo","article_modified_time":"2024-07-01T20:25:44+00:00","og_image":[{"width":370,"height":370,"url":"https:\/\/megafunsion.com\/tienda\/wp-content\/uploads\/2020\/10\/prod-2.jpg","type":"image\/jpeg"}],"twitter_card":"summary_large_image","twitter_misc":{"Tiempo de lectura":"1 minuto"},"schema":{"@context":"https:\/\/schema.org","@graph":[{"@type":"WebPage","@id":"https:\/\/megafunsion.com\/tienda\/productos\/agua-electrolizada-desinfectante\/","url":"https:\/\/megafunsion.com\/tienda\/productos\/agua-electrolizada-desinfectante\/","name":"Agua electrolizada y desinfectante, amigable con tu piel, frutas y verduras","isPartOf":{"@id":"https:\/\/megafunsion.com\/tienda\/#website"},"primaryImageOfPage":{"@id":"https:\/\/megafunsion.com\/tienda\/productos\/agua-electrolizada-desinfectante\/#primaryimage"},"image":{"@id":"https:\/\/megafunsion.com\/tienda\/productos\/agua-electrolizada-desinfectante\/#primaryimage"},"thumbnailUrl":"https:\/\/megafunsion.com\/tienda\/wp-content\/uploads\/2020\/10\/prod-2.jpg","datePublished":"2020-10-01T18:23:12+00:00","dateModified":"2024-07-01T20:25:44+00:00","description":"Desinfectante agua electrolizada en Bogot\u00e1, presentaci\u00f3n de 500 ml, port\u00e1til para uso constante y eliminaci\u00f3n de virus y bacterias","breadcrumb":{"@id":"https:\/\/megafunsion.com\/tienda\/productos\/agua-electrolizada-desinfectante\/#breadcrumb"},"inLanguage":"es","potentialAction":[{"@type":"ReadAction","target":["https:\/\/megafunsion.com\/tienda\/productos\/agua-electrolizada-desinfectante\/"]}]},{"@type":"ImageObject","inLanguage":"es","@id":"https:\/\/megafunsion.com\/tienda\/productos\/agua-electrolizada-desinfectante\/#primaryimage","url":"https:\/\/megafunsion.com\/tienda\/wp-content\/uploads\/2020\/10\/prod-2.jpg","contentUrl":"https:\/\/megafunsion.com\/tienda\/wp-content\/uploads\/2020\/10\/prod-2.jpg","width":370,"height":370,"caption":"agua electrolizada"},{"@type":"BreadcrumbList","@id":"https:\/\/megafunsion.com\/tienda\/productos\/agua-electrolizada-desinfectante\/#breadcrumb","itemListElement":[{"@type":"ListItem","position":1,"name":"Portada","item":"https:\/\/megafunsion.com\/tienda\/"},{"@type":"ListItem","position":2,"name":"Tienda","item":"https:\/\/megafunsion.com\/tienda\/tienda\/"},{"@type":"ListItem","position":3,"name":"Agua Electrolizada &#8211; Desinfectante 500 Mlt"}]},{"@type":"WebSite","@id":"https:\/\/megafunsion.com\/tienda\/#website","url":"https:\/\/megafunsion.com\/tienda\/","name":"Megafunsion - productos aseo","description":"Poderosos desinfectantes y productos de aseo","publisher":{"@id":"https:\/\/megafunsion.com\/tienda\/#organization"},"potentialAction":[{"@type":"SearchAction","target":{"@type":"EntryPoint","urlTemplate":"https:\/\/megafunsion.com\/tienda\/?s={search_term_string}"},"query-input":{"@type":"PropertyValueSpecification","valueRequired":true,"valueName":"search_term_string"}}],"inLanguage":"es"},{"@type":"Organization","@id":"https:\/\/megafunsion.com\/tienda\/#organization","name":"Megafunsion - productos aseo","url":"https:\/\/megafunsion.com\/tienda\/","logo":{"@type":"ImageObject","inLanguage":"es","@id":"https:\/\/megafunsion.com\/tienda\/#\/schema\/logo\/image\/","url":"https:\/\/megafunsion.com\/tienda\/wp-content\/uploads\/2020\/10\/cropped-logo.png","contentUrl":"https:\/\/megafunsion.com\/tienda\/wp-content\/uploads\/2020\/10\/cropped-logo.png","width":317,"height":100,"caption":"Megafunsion - productos aseo"},"image":{"@id":"https:\/\/megafunsion.com\/tienda\/#\/schema\/logo\/image\/"}}]}},"_links":{"self":[{"href":"https:\/\/megafunsion.com\/tienda\/wp-json\/wp\/v2\/product\/49"}],"collection":[{"href":"https:\/\/megafunsion.com\/tienda\/wp-json\/wp\/v2\/product"}],"about":[{"href":"https:\/\/megafunsion.com\/tienda\/wp-json\/wp\/v2\/types\/product"}],"replies":[{"embeddable":true,"href":"https:\/\/megafunsion.com\/tienda\/wp-json\/wp\/v2\/comments?post=49"}],"version-history":[{"count":1,"href":"https:\/\/megafunsion.com\/tienda\/wp-json\/wp\/v2\/product\/49\/revisions"}],"predecessor-version":[{"id":260,"href":"https:\/\/megafunsion.com\/tienda\/wp-json\/wp\/v2\/product\/49\/revisions\/260"}],"wp:featuredmedia":[{"embeddable":true,"href":"https:\/\/megafunsion.com\/tienda\/wp-json\/wp\/v2\/media\/69"}],"wp:attachment":[{"href":"https:\/\/megafunsion.com\/tienda\/wp-json\/wp\/v2\/media?parent=49"}],"wp:term":[{"taxonomy":"product_cat","embeddable":true,"href":"https:\/\/megafunsion.com\/tienda\/wp-json\/wp\/v2\/product_cat?post=49"},{"taxonomy":"product_tag","embeddable":true,"href":"https:\/\/megafunsion.com\/tienda\/wp-json\/wp\/v2\/product_tag?post=49"}],"curies":[{"name":"wp","href":"https:\/\/api.w.org\/{rel}","templated":true}]}}