{"id":86,"date":"2020-10-01T18:49:35","date_gmt":"2020-10-01T18:49:35","guid":{"rendered":"https:\/\/megafunsion.com\/tienda\/?post_type=product&#038;p=86"},"modified":"2024-11-19T13:15:18","modified_gmt":"2024-11-19T13:15:18","slug":"agua-electrolizada-desinfectante-1-galon","status":"publish","type":"product","link":"https:\/\/megafunsion.com\/tienda\/productos\/agua-electrolizada-desinfectante-1-galon\/","title":{"rendered":"Agua Electrolizada &#8211; Desinfectante 1 Gal\u00f3n"},"content":{"rendered":"\t\t<div data-elementor-type=\"wp-post\" data-elementor-id=\"86\" class=\"elementor elementor-86\">\n\t\t\t\t\t\t<section class=\"elementor-section elementor-top-section elementor-element elementor-element-61355e5a elementor-section-boxed elementor-section-height-default elementor-section-height-default\" data-id=\"61355e5a\" data-element_type=\"section\">\n\t\t\t\t\t\t<div class=\"elementor-container elementor-column-gap-default\">\n\t\t\t\t\t<div class=\"elementor-column elementor-col-100 elementor-top-column elementor-element elementor-element-63495259\" data-id=\"63495259\" data-element_type=\"column\">\n\t\t\t<div class=\"elementor-widget-wrap elementor-element-populated\">\n\t\t\t\t\t\t<div class=\"elementor-element elementor-element-f7875c elementor-widget elementor-widget-text-editor\" data-id=\"f7875c\" data-element_type=\"widget\" data-widget_type=\"text-editor.default\">\n\t\t\t\t<div class=\"elementor-widget-container\">\n\t\t\t\t\t\t\t<h2 class=\"section_title padding-15\">AGUA ELECTROLIZADA PARA USO EN DESINFECCI\u00d3N Y LIMPIEZA<\/h2><div class=\"row\">\u00a0<\/div><div class=\"row flex-box\"><div class=\"col-md-8\"><div class=\"choose_us_left flat-white\"><div class=\"choose_resons padding-bottom-30\"><p>\u00a0<\/p><div class=\"choose_text\">\u00a0<\/div><\/div><\/div><\/div><\/div>\t\t\t\t\t\t<\/div>\n\t\t\t\t<\/div>\n\t\t\t\t<div class=\"elementor-element elementor-element-b1fe89f elementor-widget elementor-widget-text-editor\" data-id=\"b1fe89f\" data-element_type=\"widget\" data-widget_type=\"text-editor.default\">\n\t\t\t\t<div class=\"elementor-widget-container\">\n\t\t\t\t\t\t\t<p style=\"text-align: left;\"><span class=\"sub_title color-dark\">El \u00e1cido hipocloroso tambien conocido como agua electrolizada es una sustancia altamente activa contra la mayor\u00eda de pat\u00f3genos (bacterias, virus y hongos, incluyendo esporas), que por su amplio espectro y r\u00e1pida acci\u00f3n puede controlar y prevenir un gran n\u00famero de infecciones en la piel.<\/span><\/p><p style=\"text-align: center;\">\u00a0<\/p><div class=\"choose_resons padding-bottom-30\" style=\"text-align: center;\"><div class=\"choose_text\"><h6>PROTEGE EL MEDIO AMBIENTE<\/h6><p>Gracias a la formula innovadora es un producto amigable con el medio ambiente y al mismo tiempo un poderoso desinfectante.<\/p><\/div><\/div><div class=\"choose_resons padding-bottom-30\" style=\"text-align: center;\"><p>\u00a0<\/p><div class=\"choose_text\"><h6>CUIDA LA SALUD DE TUS SERES QUERIDOS<\/h6><p>Para ni\u00f1os, bebes o incluso mascotas el desinfectante de agua electrolizada no es t\u00f3xico ni tienen ning\u00fan efecto al contacto con la piel.<\/p><\/div><\/div><div class=\"choose_resons padding-bottom-30\" style=\"text-align: center;\"><p>\u00a0<\/p><div class=\"choose_text\"><h6>USO F\u00c1CIL: DIRECTAMENTE SIN DISOLVER<\/h6><p>Eficacia superior de limpieza y sanitizaci\u00f3n del agua electrolizada con f\u00e1cil aplicaci\u00f3n en spray listo para usar.<\/p><\/div><\/div><div class=\"choose_resons\" style=\"text-align: center;\"><p>\u00a0<\/p><div class=\"choose_text\"><h6>FRUTAS Y VERDURAS<\/h6><p>El agua electrolizada se puede aplicar sobre frutas y verduras. Adem\u00e1s, prolonga su vida y frescura.<\/p><\/div><\/div>\t\t\t\t\t\t<\/div>\n\t\t\t\t<\/div>\n\t\t\t\t\t<\/div>\n\t\t<\/div>\n\t\t\t\t\t<\/div>\n\t\t<\/section>\n\t\t\t\t<\/div>\n\t\t","protected":false},"excerpt":{"rendered":"<h1>PODEROSO EFECTO DESINFECTANTE CONTRA BACTERIAS, VIRUS Y HONGOS.<\/h1>\n<p>&nbsp;<\/p>\n<p>La sanitizaci\u00f3n y desinfecci\u00f3n en la industria de la producci\u00f3n de alimentos se considera como la manera m\u00e1s exitosa de preservar la inocuidad, debido a que el 30% de los casos de enfermedades causadas por alimentos se debe a una pobre sanitizaci\u00f3n y desinfecci\u00f3n en donde se produce el alimento.<\/p>\n","protected":false},"featured_media":70,"comment_status":"open","ping_status":"closed","template":"","meta":{"_coblocks_attr":"","_coblocks_dimensions":"","_coblocks_responsive_height":"","_coblocks_accordion_ie_support":""},"product_cat":[52],"product_tag":[3],"class_list":["post-86","product","type-product","status-publish","has-post-thumbnail","hentry","product_cat-limpieza","product_tag-agua-electrolizada"],"yoast_head":"<!-- This site is optimized with the Yoast SEO plugin v23.4 - https:\/\/yoast.com\/wordpress\/plugins\/seo\/ -->\n<title>Agua electrolizada, desinfectante amigable con el medio ambiente y tu piel<\/title>\n<meta name=\"description\" content=\"Desinfectante multiusos agua electrolizada en Bogot\u00e1, solicite o haga su pedido con uno de nuestros especialistas en limpieza y desinfecci\u00f3n.\" \/>\n<meta name=\"robots\" content=\"index, follow, max-snippet:-1, max-image-preview:large, max-video-preview:-1\" \/>\n<link rel=\"canonical\" href=\"https:\/\/megafunsion.com\/tienda\/productos\/agua-electrolizada-desinfectante-1-galon\/\" \/>\n<meta property=\"og:locale\" content=\"es_ES\" \/>\n<meta property=\"og:type\" content=\"article\" \/>\n<meta property=\"og:title\" content=\"Agua electrolizada, desinfectante amigable con el medio ambiente y tu piel\" \/>\n<meta property=\"og:description\" content=\"Desinfectante multiusos agua electrolizada en Bogot\u00e1, solicite o haga su pedido con uno de nuestros especialistas en limpieza y desinfecci\u00f3n.\" \/>\n<meta property=\"og:url\" content=\"https:\/\/megafunsion.com\/tienda\/productos\/agua-electrolizada-desinfectante-1-galon\/\" \/>\n<meta property=\"og:site_name\" content=\"Megafunsion - productos aseo\" \/>\n<meta property=\"article:modified_time\" content=\"2024-11-19T13:15:18+00:00\" \/>\n<meta property=\"og:image\" content=\"https:\/\/megafunsion.com\/tienda\/wp-content\/uploads\/2020\/10\/prod-3.jpg\" \/>\n\t<meta property=\"og:image:width\" content=\"370\" \/>\n\t<meta property=\"og:image:height\" content=\"370\" \/>\n\t<meta property=\"og:image:type\" content=\"image\/jpeg\" \/>\n<meta name=\"twitter:card\" content=\"summary_large_image\" \/>\n<meta name=\"twitter:label1\" content=\"Tiempo de lectura\" \/>\n\t<meta name=\"twitter:data1\" content=\"1 minuto\" \/>\n<script type=\"application\/ld+json\" class=\"yoast-schema-graph\">{\"@context\":\"https:\/\/schema.org\",\"@graph\":[{\"@type\":\"WebPage\",\"@id\":\"https:\/\/megafunsion.com\/tienda\/productos\/agua-electrolizada-desinfectante-1-galon\/\",\"url\":\"https:\/\/megafunsion.com\/tienda\/productos\/agua-electrolizada-desinfectante-1-galon\/\",\"name\":\"Agua electrolizada, desinfectante amigable con el medio ambiente y tu piel\",\"isPartOf\":{\"@id\":\"https:\/\/megafunsion.com\/tienda\/#website\"},\"primaryImageOfPage\":{\"@id\":\"https:\/\/megafunsion.com\/tienda\/productos\/agua-electrolizada-desinfectante-1-galon\/#primaryimage\"},\"image\":{\"@id\":\"https:\/\/megafunsion.com\/tienda\/productos\/agua-electrolizada-desinfectante-1-galon\/#primaryimage\"},\"thumbnailUrl\":\"https:\/\/megafunsion.com\/tienda\/wp-content\/uploads\/2020\/10\/prod-3.jpg\",\"datePublished\":\"2020-10-01T18:49:35+00:00\",\"dateModified\":\"2024-11-19T13:15:18+00:00\",\"description\":\"Desinfectante multiusos agua electrolizada en Bogot\u00e1, solicite o haga su pedido con uno de nuestros especialistas en limpieza y desinfecci\u00f3n.\",\"breadcrumb\":{\"@id\":\"https:\/\/megafunsion.com\/tienda\/productos\/agua-electrolizada-desinfectante-1-galon\/#breadcrumb\"},\"inLanguage\":\"es\",\"potentialAction\":[{\"@type\":\"ReadAction\",\"target\":[\"https:\/\/megafunsion.com\/tienda\/productos\/agua-electrolizada-desinfectante-1-galon\/\"]}]},{\"@type\":\"ImageObject\",\"inLanguage\":\"es\",\"@id\":\"https:\/\/megafunsion.com\/tienda\/productos\/agua-electrolizada-desinfectante-1-galon\/#primaryimage\",\"url\":\"https:\/\/megafunsion.com\/tienda\/wp-content\/uploads\/2020\/10\/prod-3.jpg\",\"contentUrl\":\"https:\/\/megafunsion.com\/tienda\/wp-content\/uploads\/2020\/10\/prod-3.jpg\",\"width\":370,\"height\":370,\"caption\":\"agua electrolizada galon\"},{\"@type\":\"BreadcrumbList\",\"@id\":\"https:\/\/megafunsion.com\/tienda\/productos\/agua-electrolizada-desinfectante-1-galon\/#breadcrumb\",\"itemListElement\":[{\"@type\":\"ListItem\",\"position\":1,\"name\":\"Portada\",\"item\":\"https:\/\/megafunsion.com\/tienda\/\"},{\"@type\":\"ListItem\",\"position\":2,\"name\":\"Tienda\",\"item\":\"https:\/\/megafunsion.com\/tienda\/tienda\/\"},{\"@type\":\"ListItem\",\"position\":3,\"name\":\"Agua Electrolizada &#8211; Desinfectante 1 Gal\u00f3n\"}]},{\"@type\":\"WebSite\",\"@id\":\"https:\/\/megafunsion.com\/tienda\/#website\",\"url\":\"https:\/\/megafunsion.com\/tienda\/\",\"name\":\"Megafunsion - productos aseo\",\"description\":\"Poderosos desinfectantes y productos de aseo\",\"publisher\":{\"@id\":\"https:\/\/megafunsion.com\/tienda\/#organization\"},\"potentialAction\":[{\"@type\":\"SearchAction\",\"target\":{\"@type\":\"EntryPoint\",\"urlTemplate\":\"https:\/\/megafunsion.com\/tienda\/?s={search_term_string}\"},\"query-input\":{\"@type\":\"PropertyValueSpecification\",\"valueRequired\":true,\"valueName\":\"search_term_string\"}}],\"inLanguage\":\"es\"},{\"@type\":\"Organization\",\"@id\":\"https:\/\/megafunsion.com\/tienda\/#organization\",\"name\":\"Megafunsion - productos aseo\",\"url\":\"https:\/\/megafunsion.com\/tienda\/\",\"logo\":{\"@type\":\"ImageObject\",\"inLanguage\":\"es\",\"@id\":\"https:\/\/megafunsion.com\/tienda\/#\/schema\/logo\/image\/\",\"url\":\"https:\/\/megafunsion.com\/tienda\/wp-content\/uploads\/2020\/10\/cropped-logo.png\",\"contentUrl\":\"https:\/\/megafunsion.com\/tienda\/wp-content\/uploads\/2020\/10\/cropped-logo.png\",\"width\":317,\"height\":100,\"caption\":\"Megafunsion - productos aseo\"},\"image\":{\"@id\":\"https:\/\/megafunsion.com\/tienda\/#\/schema\/logo\/image\/\"}}]}<\/script>\n<!-- \/ Yoast SEO plugin. -->","yoast_head_json":{"title":"Agua electrolizada, desinfectante amigable con el medio ambiente y tu piel","description":"Desinfectante multiusos agua electrolizada en Bogot\u00e1, solicite o haga su pedido con uno de nuestros especialistas en limpieza y desinfecci\u00f3n.","robots":{"index":"index","follow":"follow","max-snippet":"max-snippet:-1","max-image-preview":"max-image-preview:large","max-video-preview":"max-video-preview:-1"},"canonical":"https:\/\/megafunsion.com\/tienda\/productos\/agua-electrolizada-desinfectante-1-galon\/","og_locale":"es_ES","og_type":"article","og_title":"Agua electrolizada, desinfectante amigable con el medio ambiente y tu piel","og_description":"Desinfectante multiusos agua electrolizada en Bogot\u00e1, solicite o haga su pedido con uno de nuestros especialistas en limpieza y desinfecci\u00f3n.","og_url":"https:\/\/megafunsion.com\/tienda\/productos\/agua-electrolizada-desinfectante-1-galon\/","og_site_name":"Megafunsion - productos aseo","article_modified_time":"2024-11-19T13:15:18+00:00","og_image":[{"width":370,"height":370,"url":"https:\/\/megafunsion.com\/tienda\/wp-content\/uploads\/2020\/10\/prod-3.jpg","type":"image\/jpeg"}],"twitter_card":"summary_large_image","twitter_misc":{"Tiempo de lectura":"1 minuto"},"schema":{"@context":"https:\/\/schema.org","@graph":[{"@type":"WebPage","@id":"https:\/\/megafunsion.com\/tienda\/productos\/agua-electrolizada-desinfectante-1-galon\/","url":"https:\/\/megafunsion.com\/tienda\/productos\/agua-electrolizada-desinfectante-1-galon\/","name":"Agua electrolizada, desinfectante amigable con el medio ambiente y tu piel","isPartOf":{"@id":"https:\/\/megafunsion.com\/tienda\/#website"},"primaryImageOfPage":{"@id":"https:\/\/megafunsion.com\/tienda\/productos\/agua-electrolizada-desinfectante-1-galon\/#primaryimage"},"image":{"@id":"https:\/\/megafunsion.com\/tienda\/productos\/agua-electrolizada-desinfectante-1-galon\/#primaryimage"},"thumbnailUrl":"https:\/\/megafunsion.com\/tienda\/wp-content\/uploads\/2020\/10\/prod-3.jpg","datePublished":"2020-10-01T18:49:35+00:00","dateModified":"2024-11-19T13:15:18+00:00","description":"Desinfectante multiusos agua electrolizada en Bogot\u00e1, solicite o haga su pedido con uno de nuestros especialistas en limpieza y desinfecci\u00f3n.","breadcrumb":{"@id":"https:\/\/megafunsion.com\/tienda\/productos\/agua-electrolizada-desinfectante-1-galon\/#breadcrumb"},"inLanguage":"es","potentialAction":[{"@type":"ReadAction","target":["https:\/\/megafunsion.com\/tienda\/productos\/agua-electrolizada-desinfectante-1-galon\/"]}]},{"@type":"ImageObject","inLanguage":"es","@id":"https:\/\/megafunsion.com\/tienda\/productos\/agua-electrolizada-desinfectante-1-galon\/#primaryimage","url":"https:\/\/megafunsion.com\/tienda\/wp-content\/uploads\/2020\/10\/prod-3.jpg","contentUrl":"https:\/\/megafunsion.com\/tienda\/wp-content\/uploads\/2020\/10\/prod-3.jpg","width":370,"height":370,"caption":"agua electrolizada galon"},{"@type":"BreadcrumbList","@id":"https:\/\/megafunsion.com\/tienda\/productos\/agua-electrolizada-desinfectante-1-galon\/#breadcrumb","itemListElement":[{"@type":"ListItem","position":1,"name":"Portada","item":"https:\/\/megafunsion.com\/tienda\/"},{"@type":"ListItem","position":2,"name":"Tienda","item":"https:\/\/megafunsion.com\/tienda\/tienda\/"},{"@type":"ListItem","position":3,"name":"Agua Electrolizada &#8211; Desinfectante 1 Gal\u00f3n"}]},{"@type":"WebSite","@id":"https:\/\/megafunsion.com\/tienda\/#website","url":"https:\/\/megafunsion.com\/tienda\/","name":"Megafunsion - productos aseo","description":"Poderosos desinfectantes y productos de aseo","publisher":{"@id":"https:\/\/megafunsion.com\/tienda\/#organization"},"potentialAction":[{"@type":"SearchAction","target":{"@type":"EntryPoint","urlTemplate":"https:\/\/megafunsion.com\/tienda\/?s={search_term_string}"},"query-input":{"@type":"PropertyValueSpecification","valueRequired":true,"valueName":"search_term_string"}}],"inLanguage":"es"},{"@type":"Organization","@id":"https:\/\/megafunsion.com\/tienda\/#organization","name":"Megafunsion - productos aseo","url":"https:\/\/megafunsion.com\/tienda\/","logo":{"@type":"ImageObject","inLanguage":"es","@id":"https:\/\/megafunsion.com\/tienda\/#\/schema\/logo\/image\/","url":"https:\/\/megafunsion.com\/tienda\/wp-content\/uploads\/2020\/10\/cropped-logo.png","contentUrl":"https:\/\/megafunsion.com\/tienda\/wp-content\/uploads\/2020\/10\/cropped-logo.png","width":317,"height":100,"caption":"Megafunsion - productos aseo"},"image":{"@id":"https:\/\/megafunsion.com\/tienda\/#\/schema\/logo\/image\/"}}]}},"_links":{"self":[{"href":"https:\/\/megafunsion.com\/tienda\/wp-json\/wp\/v2\/product\/86"}],"collection":[{"href":"https:\/\/megafunsion.com\/tienda\/wp-json\/wp\/v2\/product"}],"about":[{"href":"https:\/\/megafunsion.com\/tienda\/wp-json\/wp\/v2\/types\/product"}],"replies":[{"embeddable":true,"href":"https:\/\/megafunsion.com\/tienda\/wp-json\/wp\/v2\/comments?post=86"}],"version-history":[{"count":4,"href":"https:\/\/megafunsion.com\/tienda\/wp-json\/wp\/v2\/product\/86\/revisions"}],"predecessor-version":[{"id":256,"href":"https:\/\/megafunsion.com\/tienda\/wp-json\/wp\/v2\/product\/86\/revisions\/256"}],"wp:featuredmedia":[{"embeddable":true,"href":"https:\/\/megafunsion.com\/tienda\/wp-json\/wp\/v2\/media\/70"}],"wp:attachment":[{"href":"https:\/\/megafunsion.com\/tienda\/wp-json\/wp\/v2\/media?parent=86"}],"wp:term":[{"taxonomy":"product_cat","embeddable":true,"href":"https:\/\/megafunsion.com\/tienda\/wp-json\/wp\/v2\/product_cat?post=86"},{"taxonomy":"product_tag","embeddable":true,"href":"https:\/\/megafunsion.com\/tienda\/wp-json\/wp\/v2\/product_tag?post=86"}],"curies":[{"name":"wp","href":"https:\/\/api.w.org\/{rel}","templated":true}]}}